{"id":27,"date":"2010-01-19T13:40:35","date_gmt":"2010-01-19T11:40:35","guid":{"rendered":"http:\/\/www.esdovi.com\/?page_id=27"},"modified":"2010-08-27T13:34:39","modified_gmt":"2010-08-27T11:34:39","slug":"trabajos","status":"publish","type":"page","link":"http:\/\/www.esdovi.com\/?page_id=27","title":{"rendered":"Trabajos"},"content":{"rendered":"<table border=0>\n<tr style='border: 0px;'>\n<td style='vertical-align: middle; width: 10%'><img loading=\"lazy\" decoding=\"async\" src=\"http:\/\/www.esdovi.com\/wp-content\/2010\/01\/vaca-Mini.jpg\" alt=\"\" title=\"vaca-Mini\" width=\"60\" height=\"45\" \/><\/td>\n<td style='vertical-align: middle; width: 35%'><a href='?cat=3' style='text-decoration: none'><\/p>\n<h4 class=\"widget-title\">Amigurumi<\/h4>\n<p><\/a><\/td>\n<td style='vertical-align: middle; width: 5%'><\/td>\n<td style='vertical-align: middle; width: 10%'><img loading=\"lazy\" decoding=\"async\" src=\"http:\/\/www.esdovi.com\/wp-content\/2010\/01\/ChalElena-Mini.jpg\" alt=\"\" title=\"Chal Mini\" width=\"60\" height=\"45\"><\/td>\n<td style='vertical-align: middle; width: 35%'><a href='?cat=18' style='text-decoration: none'><\/p>\n<h4 class=\"widget-title\">Chal<\/h4>\n<p><\/a><\/td>\n<\/tr>\n<tr>\n<td style='vertical-align: middle; width: 10%'><img loading=\"lazy\" decoding=\"async\" src=\"http:\/\/www.esdovi.com\/wp-content\/2010\/01\/Mini-complementos.jpg\" alt=\"\" title=\"Mini-complementos\" width=\"60\" height=\"45\" class=\"aligncenter size-full wp-image-325\" \/><\/td>\n<td style='vertical-align: middle; width: 35%'><a href='?cat=15' style='text-decoration: none'><\/p>\n<h4 class=\"widget-title\">Complementos<\/h4>\n<p><\/a><\/td>\n<td style='vertical-align: middle; width: 5%'><\/td>\n<td style='vertical-align: middle; width: 10%'><img loading=\"lazy\" decoding=\"async\" src=\"http:\/\/www.esdovi.com\/wp-content\/2010\/01\/Mini-complemenotosBebe1.jpg\" alt=\"\" title=\"Mini-complemenotosBebe\" width=\"60\" height=\"45\" class=\"aligncenter size-full wp-image-328\" \/><\/td>\n<td style='vertical-align: middle; width: 35%'><a href='?cat=17' style='text-decoration: none'><\/p>\n<h4 class=\"widget-title\">Complementos Beb\u00e9<\/h4>\n<p><\/a><\/td>\n<\/tr>\n<tr>\n<td style='vertical-align: middle; width: 10%'><img loading=\"lazy\" decoding=\"async\" src=\"http:\/\/www.esdovi.com\/wp-content\/2010\/01\/Mini-manta.jpg\" alt=\"\" title=\"Mini-manta\" width=\"45\" height=\"60\" class=\"aligncenter size-full wp-image-330\" \/><\/td>\n<td style='vertical-align: middle; width: 35%'><a href='?cat=14' style='text-decoration: none'><\/p>\n<h4 class=\"widget-title\">Mantas (Afghan)<\/h4>\n<p><\/a><\/td>\n<td style='vertical-align: middle; width: 5%'><\/td>\n<td style='vertical-align: middle; width: 10%'><img loading=\"lazy\" decoding=\"async\" src=\"http:\/\/www.esdovi.com\/wp-content\/2010\/01\/Mini-mantabebe.jpg\" alt=\"\" title=\"Mini-mantabebe\" width=\"45\" height=\"60\" class=\"aligncenter size-full wp-image-331\" \/><\/td>\n<td style='vertical-align: middle; width: 35%'><a href='?cat=13' style='text-decoration: none'><\/p>\n<h4 class=\"widget-title\">Mantas Beb\u00e9 (Baby Afghan)<\/h4>\n<p><\/a><\/td>\n<\/tr>\n<tr>\n<td style='vertical-align: middle; width: 10%'><img loading=\"lazy\" decoding=\"async\" src=\"http:\/\/www.esdovi.com\/wp-content\/2010\/01\/Mini-MarcaPaginas.jpg\" alt=\"\" title=\"OLYMPUS DIGITAL CAMERA\" width=\"60\" height=\"25\" class=\"aligncenter size-full wp-image-333\" \/><\/td>\n<td style='vertical-align: middle; width: 35%'><a href='?cat=22' style='text-decoration: none'><\/p>\n<h4 class=\"widget-title\">Marca P\u00e1ginas<\/h4>\n<p><\/a><\/td>\n<td style='vertical-align: middle; width: 5%'><\/td>\n<td style='vertical-align: middle; width: 10%'><img loading=\"lazy\" decoding=\"async\" src=\"http:\/\/www.esdovi.com\/wp-content\/2010\/01\/Mini-CalcetinesMulticolor.jpg\" alt=\"\" title=\"Mini-CalcetinesMulticolor\" width=\"60\" height=\"45\" class=\"aligncenter size-full wp-image-334\" \/><\/td>\n<td style='vertical-align: middle; width: 35%'><a href='?cat=16' style='text-decoration: none'><\/p>\n<h4 class=\"widget-title\">Para el Pie<\/h4>\n<p><\/a><\/td>\n<\/tr>\n<tr>\n<td style='vertical-align: middle; width: 10%'><img loading=\"lazy\" decoding=\"async\" src=\"http:\/\/www.esdovi.com\/wp-content\/2010\/01\/Mini-Puntillas.jpg\" alt=\"\" title=\"Mini-Puntillas\" width=\"60\" height=\"45\" class=\"aligncenter size-full wp-image-335\" \/><\/td>\n<td style='vertical-align: middle; width: 35%'><a href='?cat=20' style='text-decoration: none'><\/p>\n<h4 class=\"widget-title\">Puntillas<\/h4>\n<p><\/a><\/td>\n<td style='vertical-align: middle; width: 5%'><\/td>\n<td style='vertical-align: middle; width: 10%'><img loading=\"lazy\" decoding=\"async\" src=\"http:\/\/www.esdovi.com\/wp-content\/2010\/01\/Mini-ropa.jpg\" alt=\"\" title=\"Mini-ropa\" width=\"60\" height=\"45\" class=\"aligncenter size-full wp-image-336\" \/><\/td>\n<td style='vertical-align: middle; width: 35%'><a href='?cat=19' style='text-decoration: none'><\/p>\n<h4 class=\"widget-title\">Ropa<\/h4>\n<p><\/a><\/td>\n<\/tr>\n<tr>\n<td style='vertical-align: middle; width: 10%'><img loading=\"lazy\" decoding=\"async\" src=\"http:\/\/www.esdovi.com\/wp-content\/2010\/01\/Mini-Varios.jpg\" alt=\"\" title=\"Mini-Varios\" width=\"45\" height=\"60\" class=\"aligncenter size-full wp-image-337\" \/><\/td>\n<td style='vertical-align: middle; width: 35%'><a href='?cat=21' style='text-decoration: none'><\/p>\n<h4 class=\"widget-title\">Varios<\/h4>\n<p><\/a><\/td>\n<td style='vertical-align: middle; width: 5%'><\/td>\n<td style='vertical-align: middle; width: 10%'><\/td>\n<td style='vertical-align: middle; width: 35%'><\/td>\n<\/tr>\n<\/table>\n<div id=\"wp_fb_like_button\" style=\"margin:5px 5px 5px 0;float:left;height:100px;\"><script src=\"http:\/\/connect.facebook.net\/en_US\/all.js#xfbml=1\"><\/script><fb:like href=\"http:\/\/www.esdovi.com\/?page_id=27\" send=\"false\" layout=\"standard\" width=\"450\" show_faces=\"true\" font=\"arial\" action=\"like\" colorscheme=\"light\"><\/fb:like><\/div>","protected":false},"excerpt":{"rendered":"<p>Amigurumi Chal Complementos Complementos Beb\u00e9 Mantas (Afghan) Mantas Beb\u00e9 (Baby Afghan) Marca P\u00e1ginas Para el Pie Puntillas Ropa Varios<\/p>\n","protected":false},"author":2,"featured_media":0,"parent":0,"menu_order":1,"comment_status":"open","ping_status":"closed","template":"","meta":{"footnotes":""},"class_list":["post-27","page","type-page","status-publish","hentry"],"_links":{"self":[{"href":"http:\/\/www.esdovi.com\/index.php?rest_route=\/wp\/v2\/pages\/27","targetHints":{"allow":["GET"]}}],"collection":[{"href":"http:\/\/www.esdovi.com\/index.php?rest_route=\/wp\/v2\/pages"}],"about":[{"href":"http:\/\/www.esdovi.com\/index.php?rest_route=\/wp\/v2\/types\/page"}],"author":[{"embeddable":true,"href":"http:\/\/www.esdovi.com\/index.php?rest_route=\/wp\/v2\/users\/2"}],"replies":[{"embeddable":true,"href":"http:\/\/www.esdovi.com\/index.php?rest_route=%2Fwp%2Fv2%2Fcomments&post=27"}],"version-history":[{"count":15,"href":"http:\/\/www.esdovi.com\/index.php?rest_route=\/wp\/v2\/pages\/27\/revisions"}],"predecessor-version":[{"id":96,"href":"http:\/\/www.esdovi.com\/index.php?rest_route=\/wp\/v2\/pages\/27\/revisions\/96"}],"wp:attachment":[{"href":"http:\/\/www.esdovi.com\/index.php?rest_route=%2Fwp%2Fv2%2Fmedia&parent=27"}],"curies":[{"name":"wp","href":"https:\/\/api.w.org\/{rel}","templated":true}]}}